{"id":941,"date":"2022-04-28T20:29:02","date_gmt":"2022-04-28T18:29:02","guid":{"rendered":"https:\/\/padelestrelladamm.es\/blog\/?page_id=941"},"modified":"2022-04-29T13:18:00","modified_gmt":"2022-04-29T11:18:00","slug":"bases-estrellas-en-el-padel","status":"publish","type":"page","link":"https:\/\/padelestrelladamm.es\/blog\/bases-estrellas-en-el-padel\/","title":{"rendered":"Bases &#8220;Estrellas en el P\u00e1del&#8221;"},"content":{"rendered":"\n<p><\/p>\n\n\n\n<h3>OBJETO DE LOS RECONOCIMIENTOS<\/h3>\n\n\n\n<p><strong><em>Estrellas en el p\u00e1del<\/em><\/strong> son los reconocimientos del Circuito de P\u00e1del Estrella Damm a iniciativas desarrolladas en Espa\u00f1a que, a trav\u00e9s del p\u00e1del, hacen un mundo mejor. Iniciativas que brillan como ESTRELLAS.<\/p>\n\n\n\n<p>En 2022, <strong><em>Estrellas en el p\u00e1del<\/em><\/strong> centra el reconocimiento en la <strong>promoci\u00f3n, fomento y desarrollo del p\u00e1del femenino, <\/strong>valorando iniciativas que promuevan o hayan promovido la presencia de la mujer en el mundo del p\u00e1del y, con ello, hayan colaborado a la igualdad en este deporte.<\/p>\n\n\n\n<p>El responsable del reconocimiento <strong><em>Estrellas en el p\u00e1del<\/em><\/strong> es SA DAMM, quien cuenta con la colaboraci\u00f3n de Rumbo Sport, como empresa organizadora del Circuito de P\u00e1del Estrella Damm, para la organizaci\u00f3n y entrega de dicho reconocimiento.<\/p>\n\n\n\n<h3>PRESENTACI\u00d3N DE CANDIDATURAS. PLAZOS Y PROCEDIMIENTOS<\/h3>\n\n\n\n<p>Las candidaturas se presentar\u00e1n v\u00eda correo electr\u00f3nico a <a href=\"mailto:circuito@padelestrelladamm.es\">circuito@padelestrelladamm.es<\/a><\/p>\n\n\n\n<p>Para que una candidatura sea considera v\u00e1lida debe constar de la siguiente informaci\u00f3n:<\/p>\n\n\n\n<ul><li>Nombre de la iniciativa presentada.<\/li><li>Titularidad de la iniciativa.<\/li><\/ul>\n\n\n\n<p><em>No se publicar\u00e1n iniciativas de las que no se logre el consentimiento de participaci\u00f3n y aceptaci\u00f3n de las presentes base por parte del titular de la iniciativa.<\/em><\/p>\n\n\n\n<ul><li>Argumentario de idoneidad. Objetivo, descripci\u00f3n y caracter\u00edsticas innovadoras de la iniciativa.<\/li><\/ul>\n\n\n\n<p>Adem\u00e1s, puede adjuntarse cualquier otra documentaci\u00f3n que se considere relevante de cara a las evaluaciones a realizar como, por ejemplo, p\u00e1gina web y\/o perfil en redes sociales.<\/p>\n\n\n\n<p>Por iniciativa se entiende proyectos o acciones pasadas o presentes, promovidas por una persona, colectivo u organizaci\u00f3n p\u00fablica o privada.<\/p>\n\n\n\n<p>Se aceptar\u00e1n candidaturas presentadas hasta las 24 horas del d\u00eda 15 de mayo. No ser\u00e1 admitida ninguna candidatura presentada una vez finalizado este plazo.<\/p>\n\n\n\n<p>Todas las propuestas enviadas recibir\u00e1n acuse de recibo en 72 horas y dispondr\u00e1n de 72 horas para subsanar cualquier posible error o falta de documentaci\u00f3n. &nbsp;Por tanto, si pasado ese tiempo, no se ha recibido dicho acuse de recibo, es compromiso del interesado o interesada el ponerse en contacto por tel\u00e9fono (Tel. 91 734 14 71) con la organizaci\u00f3n para subsanar cualquier error en el env\u00edo\/recepci\u00f3n de la propuesta.<\/p>\n\n\n\n<h3>VALIDACI\u00d3N DE CANDIDATURAS<\/h3>\n\n\n\n<p>Rumbo Sport analizar\u00e1 e informar\u00e1 de la idoneidad de las iniciativas presentadas correctamente, especialmente en aquellos casos en los que la propuesta no cumpla con los requisitos marcados por la organizaci\u00f3n.<\/p>\n\n\n\n<p>Rumbo Sport podr\u00e1 desestimar propuestas que no se ajusten al objeto del reconocimiento en 2022 o que a su juicio, perjudiquen el desarrollo de los reconocimientos.<\/p>\n\n\n\n<h3>JURADO POPULAR. VOTACI\u00d3N ABIERTA<\/h3>\n\n\n\n<p>Las iniciativas validadas por los representantes de Rumbo Sport ser\u00e1n publicadas en padelestrelladamm.es\/blog\/estrellas-en-el-padel\/ para que el p\u00fablico pueda votar su propuesta favorita.<\/p>\n\n\n\n<p>La votaci\u00f3n estar\u00e1 limitada al voto de una \u00fanica iniciativa desde cada IP\/dispositivo.<\/p>\n\n\n\n<p>El plazo de votaci\u00f3n se abrir\u00e1 el 19 de mayo y se cerrar\u00e1 el 31 de mayo<\/p>\n\n\n\n<p>La iniciativa que, una vez terminada la votaci\u00f3n, disponga de un porcentaje mayor de votos se establecer\u00e1 como el proyecto seleccionado por el jurado popular (1\/5 del voto final del jurado).<\/p>\n\n\n\n<h3>JURADO EXPERTO. DELIBERACI\u00d3N<\/h3>\n\n\n\n<p>El jurado experto estar\u00e1 conformado por representes de entidades colaboradoras con el Circuito de P\u00e1del Estrella Damm estrechamente relaciones con el mundo del p\u00e1del<\/p>\n\n\n\n<ul><li>Estrella Damm<\/li><li>StarVie<\/li><li>Rumbo Sport<\/li><li>Club de P\u00e1del La Moraleja<\/li><\/ul>\n\n\n\n<p>Cada entidad emitir\u00e1 un \u00fanico voto.&nbsp; Los votos del jurado experto que se sumar\u00e1 al voto emitido por el jurado popular. En caso de empate en las votaciones, el jurado experto repetir\u00e1 la votaci\u00f3n limitando la elecci\u00f3n a las dos iniciativas con mayor votaci\u00f3n.<\/p>\n\n\n\n<p>El jurado ser\u00e1 soberano de sus decisiones y gozar\u00e1 de plena autonom\u00eda en la elecci\u00f3n de las candidaturas ganadoras. Las entidades implicadas en la evaluaci\u00f3n de las candidaturas no podr\u00e1n ser parte de ninguna de las iniciativas presentadas.<\/p>\n\n\n\n<p>CRITERIOS DE VALORACI\u00d3N<\/p>\n\n\n\n<p>El jurado tendr\u00e1 en cuenta, especialmente, pero no en exclusividad, los siguientes criterios de valoraci\u00f3n de las iniciativas:<\/p>\n\n\n\n<ul><li>Innovaci\u00f3n: acciones diferentes y novedosas que generen cambios que beneficien a los colectivos interesados y\/o a la sociedad en general.<\/li><li>Valor social: actuaciones que repercuten de forma positiva en un colectivo de personas desfavorecidas y\/o reducen su desigualdad.<\/li><li>Integraci\u00f3n de la acci\u00f3n social en la estrategia de la empresa: en el caso de iniciativas promovidas por una compa\u00f1\u00eda, que est\u00e1s sean transversales y cuentan con el compromiso de la alta direcci\u00f3n.<\/li><li>Acciones con continuidad en el tiempo.<\/li><\/ul>\n\n\n\n<h3>RESOLUCI\u00d3N, PUBLICIDAD DEL FALLO Y ENTREGA DEL RECONOCIMIENTO.<\/h3>\n\n\n\n<p>La resoluci\u00f3n y, por tanto, la comunicaci\u00f3n de la iniciativa ganadora de <strong><em>Estrellas en el P\u00e1del 2022<\/em><\/strong> se dar\u00e1 a conocer en la p\u00e1gina web del Circuito de P\u00e1del Estrella, as\u00ed como en sus redes sociales, el 1 de junio.<\/p>\n\n\n\n<p>Los candidatos renuncian de forma expresa a efectuar impugnaci\u00f3n alguna del fallo del jurado.<\/p>\n\n\n\n<p>La iniciativa ganadora del reconocimiento <strong><em>Estrellas en el P\u00e1del 2022<\/em><\/strong> recibir\u00e1 una placa conmemorativa. Su o sus promotores o promotoras ser\u00e1n entrevistados con el fin de promover y dar a conocer m\u00e1s detalles de la iniciativa en la p\u00e1gina web y redes sociales del Circuito de P\u00e1del Estrella. Tambi\u00e9n podr\u00e1n ser publicadas en otros soportes las empresas de SA DAMM.<\/p>\n\n\n\n<h3>ACEPTACI\u00d3N DE LAS BASES<\/h3>\n\n\n\n<p>La participaci\u00f3n en la Convocatoria supone la aceptaci\u00f3n expresa de estas bases, sin salvedades ni condicionantes, as\u00ed como cualquier resoluci\u00f3n que Rumbo Sport adopte. La organizaci\u00f3n se reserva el derecho a modificar las condiciones establecidas en las presentes bases, avisando previamente a los participantes, que se tendr\u00e1n que comprometer a asumir y respetar las mismas.<\/p>\n\n\n\n<p>Con la aceptaci\u00f3n de las presentes bases, los candidatos declaran:<\/p>\n\n\n\n<p>Que asumen, aceptan y cumplen con las presentes bases, que regulan la participaci\u00f3n y mec\u00e1nica del Reconocimiento \u201cEstrellas en el p\u00e1del 2022\u201d. La organizaci\u00f3n se reserva el derecho a excluir, en cualquier momento y a su sola discreci\u00f3n, a toda persona o proyecto que no cumpla con las presentes bases y\/o a quien, a su juicio, perjudique el desarrollo de los reconocimientos.<\/p>\n\n\n\n<p>Que aceptan la divulgaci\u00f3n y remisi\u00f3n de las candidaturas.<\/p>\n\n\n\n<p>Que la informaci\u00f3n entregada es fidedigna.<\/p>\n\n\n\n<p>Que son los autores y \u00fanicos titulares de las ideas y proyectos que presentan y que no han hecho uso de informaci\u00f3n privilegiada o registrada sin los permisos correspondientes, no vulnerando en modo alguno cualesquiera derechos de terceros o la legislaci\u00f3n vigente.<\/p>\n\n\n\n<p>Que se hacen responsables por cualquier reclamaci\u00f3n de cualquier tipo relacionada con sus proyectos, especialmente en asuntos relativos a propiedad intelectual o utilizaci\u00f3n de informaci\u00f3n de dominio privado y\/o confidencial, manteniendo indemne a la organizaci\u00f3n del Reconocimiento \u201cEstrellas en el p\u00e1del 2022\u201d, entre los que se encuentran SA DAMM, ante cualquier posible reclamaci\u00f3n. Los participantes eximen a SA DAMM y cualesquiera entidades colaboradoras de la organizaci\u00f3n del Reconocimiento \u201cEstrellas en el p\u00e1del 2022\u201d de cualquier responsabilidad derivada de lo anterior, as\u00ed como las que pudieren derivarse del otorgamiento del reconocimiento, comprometi\u00e9ndose asimismo a nada pedir ni reclamar frente a los mismos por todo lo anterior.<\/p>\n\n\n\n<p>Que consienten de forma expresa la grabaci\u00f3n de im\u00e1genes, videos, actuaciones, la realizaci\u00f3n de fotograf\u00edas, entrevistas, etc. de las personas o entidades que lideran la iniciativa por parte de SA DAMM, as\u00ed como las personas y entidades colaboradoras del Reconocimiento \u201cEstrellas en el p\u00e1del 2022, comprometi\u00e9ndose a facilitar la realizaci\u00f3n de \u00e9stas, manifestando de forma expresa la aceptaci\u00f3n de su difusi\u00f3n, reproducci\u00f3n y comunicaci\u00f3n p\u00fablica en cualquier forma y por cualquier medio, sin limitaci\u00f3n temporal ni territorial alguna, pudiendo utilizar la totalidad o parte de las mismas, modific\u00e1ndolas, transform\u00e1ndolas o incorpor\u00e1ndolas a otra obra en la forma en que se estime procedente.<\/p>\n\n\n\n<h3>PROTECCI\u00d3N DE DATOS DE CAR\u00c1CTER PERSONAL<\/h3>\n\n\n\n<p>En cumplimiento de la normativa aplicable en materia de protecci\u00f3n de datos de car\u00e1cter personal, la totalidad de los participantes manifiesta la conformidad a que los datos personales proporcionados en el marco de la participaci\u00f3n del Reconocimiento \u201cEstrellas en el p\u00e1del 2022\u201d, sean incorporados a un fichero cuya titularidad corresponde a SA DAMM, con domicilio<br>C\/ Rosell\u00f3 n\u00ba 515 &#8211; 08025 Barcelona y cuya finalidad es la correcta organizaci\u00f3n y desarrollo de los reconocimientos anteriormente mencionados. Podr\u00e1 ejercitar los derechos de acceso, rectificaci\u00f3n, cancelaci\u00f3n, oposici\u00f3n, limitaci\u00f3n de su tratamiento y portabilidad, mediante un email con su solicitud a <a href=\"mailto:circuito@padelestrelladamm.es\">circuito@padelestrelladamm.es<\/a> o dirigi\u00e9ndose por escrito a la direcci\u00f3n postal anteriormente mencionada. Asimismo, la totalidad de los participantes otorgan su consentimiento expreso e inequ\u00edvoco para que sus datos sean cedidos y tratados, a los efectos del desarrollo y participaci\u00f3n en el Reconocimiento \u201cEstrellas en el p\u00e1del 2022\u201d, por la entidades y personas colaboradoras del mismo.<\/p>\n","protected":false},"excerpt":{"rendered":"<p>OBJETO DE LOS RECONOCIMIENTOS Estrellas en el p\u00e1del son los reconocimientos del Circuito de P\u00e1del Estrella Damm a iniciativas desarrolladas en Espa\u00f1a que, a trav\u00e9s del p\u00e1del, hacen un mundo mejor. Iniciativas que brillan como ESTRELLAS. En 2022, Estrellas en el p\u00e1del centra el reconocimiento en la promoci\u00f3n, fomento y desarrollo del p\u00e1del femenino, valorando [&hellip;]<\/p>\n","protected":false},"author":5,"featured_media":987,"parent":0,"menu_order":0,"comment_status":"closed","ping_status":"closed","template":"","meta":[],"yoast_head":"<!-- This site is optimized with the Yoast SEO plugin v19.4 - https:\/\/yoast.com\/wordpress\/plugins\/seo\/ -->\n<title>Bases &quot;Estrellas en el P\u00e1del&quot;<\/title>\n<meta name=\"robots\" content=\"index, follow, max-snippet:-1, max-image-preview:large, max-video-preview:-1\" \/>\n<link rel=\"canonical\" href=\"https:\/\/padelestrelladamm.es\/blog\/bases-estrellas-en-el-padel\/\" \/>\n<meta property=\"og:locale\" content=\"es_ES\" \/>\n<meta property=\"og:type\" content=\"article\" \/>\n<meta property=\"og:title\" content=\"Bases &quot;Estrellas en el P\u00e1del&quot;\" \/>\n<meta property=\"og:description\" content=\"OBJETO DE LOS RECONOCIMIENTOS Estrellas en el p\u00e1del son los reconocimientos del Circuito de P\u00e1del Estrella Damm a iniciativas desarrolladas en Espa\u00f1a que, a trav\u00e9s del p\u00e1del, hacen un mundo mejor. Iniciativas que brillan como ESTRELLAS. En 2022, Estrellas en el p\u00e1del centra el reconocimiento en la promoci\u00f3n, fomento y desarrollo del p\u00e1del femenino, valorando [&hellip;]\" \/>\n<meta property=\"og:url\" content=\"https:\/\/padelestrelladamm.es\/blog\/bases-estrellas-en-el-padel\/\" \/>\n<meta property=\"og:site_name\" content=\"Blog de p\u00e1del - An\u00e1lisis, noticias y opini\u00f3n - Estrella Damm\" \/>\n<meta property=\"article:publisher\" content=\"https:\/\/www.facebook.com\/CircuitoDePadelEstrellaDamm\" \/>\n<meta property=\"article:modified_time\" content=\"2022-04-29T11:18:00+00:00\" \/>\n<meta property=\"og:image\" content=\"https:\/\/padelestrelladamm.es\/blog\/wp-content\/uploads\/2022\/04\/cabecera-web-Logo-Igualdad-2.jpg\" \/>\n\t<meta property=\"og:image:width\" content=\"980\" \/>\n\t<meta property=\"og:image:height\" content=\"325\" \/>\n\t<meta property=\"og:image:type\" content=\"image\/jpeg\" \/>\n<meta name=\"twitter:card\" content=\"summary_large_image\" \/>\n<meta name=\"twitter:label1\" content=\"Tiempo de lectura\" \/>\n\t<meta name=\"twitter:data1\" content=\"7 minutos\" \/>\n<script type=\"application\/ld+json\" class=\"yoast-schema-graph\">{\"@context\":\"https:\/\/schema.org\",\"@graph\":[{\"@type\":\"Organization\",\"@id\":\"https:\/\/padelestrelladamm.es\/blog\/#organization\",\"name\":\"Circuito de P\u00e1del Estrelladamm\",\"url\":\"https:\/\/padelestrelladamm.es\/blog\/\",\"sameAs\":[\"https:\/\/www.instagram.com\/circuitopadelestrelladamm\",\"https:\/\/www.youtube.com\/user\/padelestrelladamm\",\"https:\/\/www.facebook.com\/CircuitoDePadelEstrellaDamm\"],\"logo\":{\"@type\":\"ImageObject\",\"inLanguage\":\"es\",\"@id\":\"https:\/\/padelestrelladamm.es\/blog\/#\/schema\/logo\/image\/\",\"url\":\"https:\/\/padelestrelladamm.es\/blog\/wp-content\/uploads\/2021\/06\/BLOG-128.jpg\",\"contentUrl\":\"https:\/\/padelestrelladamm.es\/blog\/wp-content\/uploads\/2021\/06\/BLOG-128.jpg\",\"width\":128,\"height\":26,\"caption\":\"Circuito de P\u00e1del Estrelladamm\"},\"image\":{\"@id\":\"https:\/\/padelestrelladamm.es\/blog\/#\/schema\/logo\/image\/\"}},{\"@type\":\"WebSite\",\"@id\":\"https:\/\/padelestrelladamm.es\/blog\/#website\",\"url\":\"https:\/\/padelestrelladamm.es\/blog\/\",\"name\":\"Blog de p\u00e1del - An\u00e1lisis, noticias y opini\u00f3n - Estrella Damm\",\"description\":\"Blog de p\u00e1del. Inf\u00f3rmate sobre la actualidad relacionada con el mundo del p\u00e1del. An\u00e1lisis y noticias, lo mejor en P\u00e1del Estrella Damm\",\"publisher\":{\"@id\":\"https:\/\/padelestrelladamm.es\/blog\/#organization\"},\"potentialAction\":[{\"@type\":\"SearchAction\",\"target\":{\"@type\":\"EntryPoint\",\"urlTemplate\":\"https:\/\/padelestrelladamm.es\/blog\/?s={search_term_string}\"},\"query-input\":\"required name=search_term_string\"}],\"inLanguage\":\"es\"},{\"@type\":\"WebPage\",\"@id\":\"https:\/\/padelestrelladamm.es\/blog\/bases-estrellas-en-el-padel\/\",\"url\":\"https:\/\/padelestrelladamm.es\/blog\/bases-estrellas-en-el-padel\/\",\"name\":\"Bases \\\"Estrellas en el P\u00e1del\\\"\",\"isPartOf\":{\"@id\":\"https:\/\/padelestrelladamm.es\/blog\/#website\"},\"datePublished\":\"2022-04-28T18:29:02+00:00\",\"dateModified\":\"2022-04-29T11:18:00+00:00\",\"breadcrumb\":{\"@id\":\"https:\/\/padelestrelladamm.es\/blog\/bases-estrellas-en-el-padel\/#breadcrumb\"},\"inLanguage\":\"es\",\"potentialAction\":[{\"@type\":\"ReadAction\",\"target\":[\"https:\/\/padelestrelladamm.es\/blog\/bases-estrellas-en-el-padel\/\"]}]},{\"@type\":\"BreadcrumbList\",\"@id\":\"https:\/\/padelestrelladamm.es\/blog\/bases-estrellas-en-el-padel\/#breadcrumb\",\"itemListElement\":[{\"@type\":\"ListItem\",\"position\":1,\"name\":\"Inicio\",\"item\":\"https:\/\/padelestrelladamm.es\/blog\/\"},{\"@type\":\"ListItem\",\"position\":2,\"name\":\"Bases &#8220;Estrellas en el P\u00e1del&#8221;\"}]}]}<\/script>\n<!-- \/ Yoast SEO plugin. -->","yoast_head_json":{"title":"Bases \"Estrellas en el P\u00e1del\"","robots":{"index":"index","follow":"follow","max-snippet":"max-snippet:-1","max-image-preview":"max-image-preview:large","max-video-preview":"max-video-preview:-1"},"canonical":"https:\/\/padelestrelladamm.es\/blog\/bases-estrellas-en-el-padel\/","og_locale":"es_ES","og_type":"article","og_title":"Bases \"Estrellas en el P\u00e1del\"","og_description":"OBJETO DE LOS RECONOCIMIENTOS Estrellas en el p\u00e1del son los reconocimientos del Circuito de P\u00e1del Estrella Damm a iniciativas desarrolladas en Espa\u00f1a que, a trav\u00e9s del p\u00e1del, hacen un mundo mejor. Iniciativas que brillan como ESTRELLAS. En 2022, Estrellas en el p\u00e1del centra el reconocimiento en la promoci\u00f3n, fomento y desarrollo del p\u00e1del femenino, valorando [&hellip;]","og_url":"https:\/\/padelestrelladamm.es\/blog\/bases-estrellas-en-el-padel\/","og_site_name":"Blog de p\u00e1del - An\u00e1lisis, noticias y opini\u00f3n - Estrella Damm","article_publisher":"https:\/\/www.facebook.com\/CircuitoDePadelEstrellaDamm","article_modified_time":"2022-04-29T11:18:00+00:00","og_image":[{"width":980,"height":325,"url":"https:\/\/padelestrelladamm.es\/blog\/wp-content\/uploads\/2022\/04\/cabecera-web-Logo-Igualdad-2.jpg","type":"image\/jpeg"}],"twitter_card":"summary_large_image","twitter_misc":{"Tiempo de lectura":"7 minutos"},"schema":{"@context":"https:\/\/schema.org","@graph":[{"@type":"Organization","@id":"https:\/\/padelestrelladamm.es\/blog\/#organization","name":"Circuito de P\u00e1del Estrelladamm","url":"https:\/\/padelestrelladamm.es\/blog\/","sameAs":["https:\/\/www.instagram.com\/circuitopadelestrelladamm","https:\/\/www.youtube.com\/user\/padelestrelladamm","https:\/\/www.facebook.com\/CircuitoDePadelEstrellaDamm"],"logo":{"@type":"ImageObject","inLanguage":"es","@id":"https:\/\/padelestrelladamm.es\/blog\/#\/schema\/logo\/image\/","url":"https:\/\/padelestrelladamm.es\/blog\/wp-content\/uploads\/2021\/06\/BLOG-128.jpg","contentUrl":"https:\/\/padelestrelladamm.es\/blog\/wp-content\/uploads\/2021\/06\/BLOG-128.jpg","width":128,"height":26,"caption":"Circuito de P\u00e1del Estrelladamm"},"image":{"@id":"https:\/\/padelestrelladamm.es\/blog\/#\/schema\/logo\/image\/"}},{"@type":"WebSite","@id":"https:\/\/padelestrelladamm.es\/blog\/#website","url":"https:\/\/padelestrelladamm.es\/blog\/","name":"Blog de p\u00e1del - An\u00e1lisis, noticias y opini\u00f3n - Estrella Damm","description":"Blog de p\u00e1del. Inf\u00f3rmate sobre la actualidad relacionada con el mundo del p\u00e1del. An\u00e1lisis y noticias, lo mejor en P\u00e1del Estrella Damm","publisher":{"@id":"https:\/\/padelestrelladamm.es\/blog\/#organization"},"potentialAction":[{"@type":"SearchAction","target":{"@type":"EntryPoint","urlTemplate":"https:\/\/padelestrelladamm.es\/blog\/?s={search_term_string}"},"query-input":"required name=search_term_string"}],"inLanguage":"es"},{"@type":"WebPage","@id":"https:\/\/padelestrelladamm.es\/blog\/bases-estrellas-en-el-padel\/","url":"https:\/\/padelestrelladamm.es\/blog\/bases-estrellas-en-el-padel\/","name":"Bases \"Estrellas en el P\u00e1del\"","isPartOf":{"@id":"https:\/\/padelestrelladamm.es\/blog\/#website"},"datePublished":"2022-04-28T18:29:02+00:00","dateModified":"2022-04-29T11:18:00+00:00","breadcrumb":{"@id":"https:\/\/padelestrelladamm.es\/blog\/bases-estrellas-en-el-padel\/#breadcrumb"},"inLanguage":"es","potentialAction":[{"@type":"ReadAction","target":["https:\/\/padelestrelladamm.es\/blog\/bases-estrellas-en-el-padel\/"]}]},{"@type":"BreadcrumbList","@id":"https:\/\/padelestrelladamm.es\/blog\/bases-estrellas-en-el-padel\/#breadcrumb","itemListElement":[{"@type":"ListItem","position":1,"name":"Inicio","item":"https:\/\/padelestrelladamm.es\/blog\/"},{"@type":"ListItem","position":2,"name":"Bases &#8220;Estrellas en el P\u00e1del&#8221;"}]}]}},"_links":{"self":[{"href":"https:\/\/padelestrelladamm.es\/blog\/wp-json\/wp\/v2\/pages\/941"}],"collection":[{"href":"https:\/\/padelestrelladamm.es\/blog\/wp-json\/wp\/v2\/pages"}],"about":[{"href":"https:\/\/padelestrelladamm.es\/blog\/wp-json\/wp\/v2\/types\/page"}],"author":[{"embeddable":true,"href":"https:\/\/padelestrelladamm.es\/blog\/wp-json\/wp\/v2\/users\/5"}],"replies":[{"embeddable":true,"href":"https:\/\/padelestrelladamm.es\/blog\/wp-json\/wp\/v2\/comments?post=941"}],"version-history":[{"count":2,"href":"https:\/\/padelestrelladamm.es\/blog\/wp-json\/wp\/v2\/pages\/941\/revisions"}],"predecessor-version":[{"id":974,"href":"https:\/\/padelestrelladamm.es\/blog\/wp-json\/wp\/v2\/pages\/941\/revisions\/974"}],"wp:featuredmedia":[{"embeddable":true,"href":"https:\/\/padelestrelladamm.es\/blog\/wp-json\/wp\/v2\/media\/987"}],"wp:attachment":[{"href":"https:\/\/padelestrelladamm.es\/blog\/wp-json\/wp\/v2\/media?parent=941"}],"curies":[{"name":"wp","href":"https:\/\/api.w.org\/{rel}","templated":true}]}}