{"id":944,"date":"2022-04-28T20:39:08","date_gmt":"2022-04-28T18:39:08","guid":{"rendered":"https:\/\/padelestrelladamm.es\/blog\/?page_id=944"},"modified":"2022-05-19T11:42:48","modified_gmt":"2022-05-19T09:42:48","slug":"estrellas-en-el-padel","status":"publish","type":"page","link":"https:\/\/padelestrelladamm.es\/blog\/estrellas-en-el-padel\/","title":{"rendered":"Estrellas en el P\u00e1del"},"content":{"rendered":"\n<div class=\"wp-block-image\"><figure class=\"aligncenter size-medium\"><img loading=\"lazy\" width=\"300\" height=\"288\" src=\"https:\/\/padelestrelladamm.es\/blog\/wp-content\/uploads\/2022\/04\/1-300x288.png\" alt=\"\" class=\"wp-image-947\" srcset=\"https:\/\/padelestrelladamm.es\/blog\/wp-content\/uploads\/2022\/04\/1-300x288.png 300w, https:\/\/padelestrelladamm.es\/blog\/wp-content\/uploads\/2022\/04\/1-370x356.png 370w, https:\/\/padelestrelladamm.es\/blog\/wp-content\/uploads\/2022\/04\/1-270x260.png 270w, https:\/\/padelestrelladamm.es\/blog\/wp-content\/uploads\/2022\/04\/1-570x548.png 570w, https:\/\/padelestrelladamm.es\/blog\/wp-content\/uploads\/2022\/04\/1-416x400.png 416w, https:\/\/padelestrelladamm.es\/blog\/wp-content\/uploads\/2022\/04\/1-740x711.png 740w, https:\/\/padelestrelladamm.es\/blog\/wp-content\/uploads\/2022\/04\/1.png 746w\" sizes=\"(max-width: 300px) 100vw, 300px\" \/><\/figure><\/div>\n\n\n\n<p class=\"has-text-align-center\">Reconocimiento del Circuito de P\u00e1del Estrella Damm a iniciativas que, a trav\u00e9s del p\u00e1del, hacen un mundo mejor. Iniciativas que brillan como ESTRELLAS. En 2022, abordamos la igualdad de g\u00e9nero, poniendo en valor iniciativas que promuevan la presencia de la mujer en el mundo del p\u00e1del.<\/p>\n\n\n\n<p class=\"has-text-align-center\" style=\"font-size:36px\">VOTA TU INICIATIVA FAVORITA<\/p>\n\n\n\n<p class=\"has-text-align-center\"><span style=\"color:#fca605\" class=\"has-inline-color\">Se\u00f1ala la iniciativa y presiona el bot\u00f3n &#8220;VOTAR&#8221; al final de la p\u00e1gina.<\/span><\/p>\n\n\n\n<div class=\"wp-block-buttons is-content-justification-center\">\n<div class=\"wp-block-button\"><a class=\"wp-block-button__link has-gridlove-bg-color has-text-color has-background\" href=\"https:\/\/padelestrelladamm.es\/blog\/bases-estrellas-en-el-padel\/\" style=\"background-color:#dba800\" target=\"_blank\" rel=\"noreferrer noopener\">M\u00e1s info<\/a><\/div>\n<\/div>\n\n\n<div id=\"totalpoll\" class=\"totalpoll-wrapper totalpoll-uid-0006f4ad098390570f15d8a431174e19 is-ltr is-screen-results\" totalpoll=\"957\" totalpoll-uid=\"0006f4ad098390570f15d8a431174e19\" totalpoll-screen=\"results\" totalpoll-ajax-url=\"https:\/\/padelestrelladamm.es\/blog\/wp-admin\/admin-ajax.php?action=totalpoll&totalpoll%5BpollId%5D=957&totalpoll%5Baction%5D=view&totalpoll%5Bscreen%5D=results\"><script type=\"text\/totalpoll-config\" totalpoll-config=\"957\">{\"ajaxEndpoint\":\"https:\\\/\\\/padelestrelladamm.es\\\/blog\\\/wp-admin\\\/admin-ajax.php?action=totalpoll\",\"behaviours\":{\"ajax\":true,\"scrollUp\":true,\"async\":false},\"effects\":{\"transition\":\"fade\",\"duration\":\"500\"},\"i18n\":{\"Previous\":\"Anterior\",\"Next\":\"Siguiente\",\"of\":\"of\",\"Something went wrong! Please try again.\":\"Something went wrong! Please try again.\"}}<\/script><link rel=\"stylesheet\" id=\"totalpoll-poll-0006f4ad098390570f15d8a431174e19-css\"  href=\"https:\/\/padelestrelladamm.es\/blog\/wp-content\/cache\/totalpoll\/css\/0006f4ad098390570f15d8a431174e19.css\" type=\"text\/css\" media=\"all\" \/><div id=\"totalpoll-poll-957\" class=\"totalpoll-container\"><form action=\"\" enctype=\"multipart\/form-data\" class=\"totalpoll-form\" method=\"POST\" novalidate=\"novalidate\">    <div class=\"totalpoll-message totalpoll-message-error\">Esta encuesta ha terminado (desde 3 a\u00f1os).<\/div>\r\n<div style=\"visibility: hidden; position: absolute; width: 0px; height: 0px;\">\r\n    <svg id=\"totalpoll-check-icon\" xmlns=\"http:\/\/www.w3.org\/2000\/svg\" width=\"24\" height=\"24\" viewBox=\"0 0 24 24\">\r\n        <path d=\"M0,0H24V24H0Z\" fill=\"none\"\/>\r\n        <path d=\"M9,15.1999l-4.2-4.2L2.3999,13.4,9,20.0001,22.0001,7,19.6,4.5999Z\"\/>\r\n    <\/svg>\r\n<\/div>\r\n    <div class=\"totalpoll-questions\">\r\n\t\t<div class=\"totalpoll-question\" >\r\n    <div class=\"totalpoll-question-container\">\r\n        <div class=\"totalpoll-question-content\" >\r\n\t\t\t        <\/div>\r\n\r\n        <div class=\"totalpoll-question-choices\">\r\n\t\t\t\t\t\t\t\t\t\t\t\t<div class=\"totalpoll-question-choices-item totalpoll-question-choices-item-results totalpoll-question-choices-item-type-html\" >\r\n    <div class=\"totalpoll-question-choices-item-container\">\r\n        \r\n\t\t            <div class=\"totalpoll-question-choices-item-content-container\">\r\n                <div class=\"totalpoll-question-choices-item-content\">\r\n\t\t\t\t\t\t\t\t\t\t\t<p style=\"text-align: center;\"><strong>CAROLINA NAVARRO<\/strong><\/p>\n<img class=\"alignnone wp-image-1031 size-medium\" src=\"https:\/\/padelestrelladamm.es\/blog\/wp-content\/uploads\/2022\/05\/carolina-navarro-estrellasenelpadel-300x200.jpg\" alt=\"\" width=\"300\" height=\"200\" \/>N\u00famero 1 del mundo durante 9 a\u00f1os, Carolina Navarro ha luchado durante toda su carrera por la promoci\u00f3n del p\u00e1del profesional femenino dentro y fuera de la pista.\n<div class=\"wp-block-button\" style=\"text-align: center;\"><a class=\"wp-block-button__link\" href=\"https:\/\/padelestrelladamm.es\/blog\/candidata-a-estrellas-en-el-padel-2022-carolina-navarro\/\" target=\"_blank\" rel=\"noopener\">SABER M\u00c1S<\/a><\/div>\t\t\t\t\t                <\/div>\r\n            <\/div>\r\n\t\t        \r\n        <div class=\"totalpoll-question-choices-item-label\">\r\n            <span >V\u00f3tame 1<\/span>\r\n            <div class=\"totalpoll-question-choices-item-votes\">\r\n                <div class=\"totalpoll-question-choices-item-votes-bar\" style=\"width: 7.15%\"><\/div>\r\n                <div class=\"totalpoll-question-choices-item-votes-text \">7.15%<\/div>\r\n            <\/div>\r\n        <\/div>\r\n    <\/div>\r\n<\/div>\r\n\t\t\t\t\t\t\t\t\t\t\t\t\t\t\t\t<div class=\"totalpoll-question-choices-item totalpoll-question-choices-item-results totalpoll-question-choices-item-type-html\" >\r\n    <div class=\"totalpoll-question-choices-item-container\">\r\n        \r\n\t\t            <div class=\"totalpoll-question-choices-item-content-container\">\r\n                <div class=\"totalpoll-question-choices-item-content\">\r\n\t\t\t\t\t\t\t\t\t\t\t<p style=\"text-align: center;\"><strong>LIGAS FEMENINAS VETERANAS FMP<\/strong><\/p>\n<img class=\"alignnone wp-image-1029 size-full\" src=\"https:\/\/padelestrelladamm.es\/blog\/wp-content\/uploads\/2022\/05\/FMP-LIGA.jpg\" alt=\"Ligas femeninas veteranas\" width=\"300\" height=\"200\" \/>\nLas ligas femeninas veteranas de la Federaci\u00f3n Madrile\u00f1a de P\u00e1del movilizan, semanalmente, a m\u00e1s de 2000 mujeres integradas en 136 equipos madrile\u00f1os.\n<div class=\"wp-block-button\" style=\"text-align: center;\"><a class=\"wp-block-button__link\" href=\"https:\/\/padelestrelladamm.es\/blog\/candidata-a-estrellas-en-el-padel-2022-ligas-femeninas-de-veteranas-de-la-federacion-madrilena-de-padel\/\" target=\"_blank\" rel=\"noopener\">SABER M\u00c1S<\/a><\/div>\t\t\t\t\t                <\/div>\r\n            <\/div>\r\n\t\t        \r\n        <div class=\"totalpoll-question-choices-item-label\">\r\n            <span >V\u00f3tame 2<\/span>\r\n            <div class=\"totalpoll-question-choices-item-votes\">\r\n                <div class=\"totalpoll-question-choices-item-votes-bar\" style=\"width: 2.87%\"><\/div>\r\n                <div class=\"totalpoll-question-choices-item-votes-text \">2.87%<\/div>\r\n            <\/div>\r\n        <\/div>\r\n    <\/div>\r\n<\/div>\r\n\t\t\t\t\t\t\t\t\t\t\t\t\t\t\t\t<div class=\"totalpoll-question-choices-item totalpoll-question-choices-item-results totalpoll-question-choices-item-type-html\" >\r\n    <div class=\"totalpoll-question-choices-item-container\">\r\n        \r\n\t\t            <div class=\"totalpoll-question-choices-item-content-container\">\r\n                <div class=\"totalpoll-question-choices-item-content\">\r\n\t\t\t\t\t\t\t\t\t\t\t<p style=\"text-align: center;\"><strong>CIRCUITO FEMENINO WPT<\/strong><\/p>\n<img class=\"alignnone wp-image-1032 size-full\" src=\"https:\/\/padelestrelladamm.es\/blog\/wp-content\/uploads\/2022\/05\/wpt-estrellasenelpadel.jpg\" alt=\"\" width=\"300\" height=\"200\" \/>\nEl World Padel Tour se ha convertido en la primera competici\u00f3n mundial en igualar los premios de hombres y mujeres en todas sus pruebas, una apuesta por la equidad.\n<div class=\"wp-block-button\" style=\"text-align: center;\"><a class=\"wp-block-button__link\" href=\"https:\/\/padelestrelladamm.es\/blog\/candidata-a-estrellas-en-el-padel-2022-circuito-femenino-world-padel-tour\/\" target=\"_blank\" rel=\"noopener\">SABER M\u00c1S<\/a><\/div>\t\t\t\t\t                <\/div>\r\n            <\/div>\r\n\t\t        \r\n        <div class=\"totalpoll-question-choices-item-label\">\r\n            <span >V\u00f3tame 3<\/span>\r\n            <div class=\"totalpoll-question-choices-item-votes\">\r\n                <div class=\"totalpoll-question-choices-item-votes-bar\" style=\"width: 1.01%\"><\/div>\r\n                <div class=\"totalpoll-question-choices-item-votes-text \">1.01%<\/div>\r\n            <\/div>\r\n        <\/div>\r\n    <\/div>\r\n<\/div>\r\n\t\t\t\t\t\t\t\t\t\t\t\t\t\t\t\t<div class=\"totalpoll-question-choices-item totalpoll-question-choices-item-results totalpoll-question-choices-item-type-html\" >\r\n    <div class=\"totalpoll-question-choices-item-container\">\r\n        \r\n\t\t            <div class=\"totalpoll-question-choices-item-content-container\">\r\n                <div class=\"totalpoll-question-choices-item-content\">\r\n\t\t\t\t\t\t\t\t\t\t\t<p style=\"text-align: center;\"><strong>KIKI DE LA ROCHA<\/strong><\/p>\n<img class=\"alignnone wp-image-1040 size-medium\" src=\"https:\/\/padelestrelladamm.es\/blog\/wp-content\/uploads\/2022\/05\/Kiki-estrellasenelpadel-2-300x200.jpg\" alt=\"\" width=\"300\" height=\"200\" \/>\nEn 1995, Kiki de la Rocha se convierte en la primera juez \u00e1rbitro de la Federaci\u00f3n Espa\u00f1ola de P\u00e1del participando en los principales circuitos federados y profesionales.\n<div class=\"wp-block-button\" style=\"text-align: center;\"><a class=\"wp-block-button__link\" href=\"https:\/\/padelestrelladamm.es\/blog\/candidata-a-estrellas-en-el-padel-2022-kiki-de-la-rocha\/\" target=\"_blank\" rel=\"noopener\">SABER M\u00c1S<\/a><\/div>\t\t\t\t\t                <\/div>\r\n            <\/div>\r\n\t\t        \r\n        <div class=\"totalpoll-question-choices-item-label\">\r\n            <span >V\u00f3tame 4<\/span>\r\n            <div class=\"totalpoll-question-choices-item-votes\">\r\n                <div class=\"totalpoll-question-choices-item-votes-bar\" style=\"width: 1.91%\"><\/div>\r\n                <div class=\"totalpoll-question-choices-item-votes-text \">1.91%<\/div>\r\n            <\/div>\r\n        <\/div>\r\n    <\/div>\r\n<\/div>\r\n\t\t\t\t\t\t\t\t\t\t\t\t\t\t\t\t<div class=\"totalpoll-question-choices-item totalpoll-question-choices-item-results totalpoll-question-choices-item-type-html\" >\r\n    <div class=\"totalpoll-question-choices-item-container\">\r\n        \r\n\t\t            <div class=\"totalpoll-question-choices-item-content-container\">\r\n                <div class=\"totalpoll-question-choices-item-content\">\r\n\t\t\t\t\t\t\t\t\t\t\t<p style=\"text-align: center;\"><strong>CLUB P\u00c1DEL DUERO<\/strong><\/p>\n<img class=\"alignnone wp-image-1043 size-full\" src=\"https:\/\/padelestrelladamm.es\/blog\/wp-content\/uploads\/2022\/05\/padel-duero-estrellasenelpadel.jpg\" alt=\"\" width=\"300\" height=\"200\" \/>\nEl Club P\u00e1del Duero ha creado un espacio social exclusivo para mujeres donde acompa\u00f1arlas en su desarrollo deportivo en todas sus etapas y circunstancias vitales.\n<div class=\"wp-block-button\" style=\"text-align: center;\"><a class=\"wp-block-button__link\" href=\"https:\/\/padelestrelladamm.es\/blog\/candidata-a-estrellas-en-el-padel-2022-club-padel-duero\/\" target=\"_blank\" rel=\"noopener\">SABER M\u00c1S<\/a><\/div>\t\t\t\t\t                <\/div>\r\n            <\/div>\r\n\t\t        \r\n        <div class=\"totalpoll-question-choices-item-label\">\r\n            <span >V\u00f3tame 5<\/span>\r\n            <div class=\"totalpoll-question-choices-item-votes\">\r\n                <div class=\"totalpoll-question-choices-item-votes-bar\" style=\"width: 36.83%\"><\/div>\r\n                <div class=\"totalpoll-question-choices-item-votes-text \">36.83%<\/div>\r\n            <\/div>\r\n        <\/div>\r\n    <\/div>\r\n<\/div>\r\n\t\t\t\t\t\t\t\t\t\t\t\t\t\t\t\t<div class=\"totalpoll-question-choices-item totalpoll-question-choices-item-results totalpoll-question-choices-item-type-html\" >\r\n    <div class=\"totalpoll-question-choices-item-container\">\r\n        \r\n\t\t            <div class=\"totalpoll-question-choices-item-content-container\">\r\n                <div class=\"totalpoll-question-choices-item-content\">\r\n\t\t\t\t\t\t\t\t\t\t\t<p style=\"text-align: center;\"><strong>JUGUETONAS<\/strong><\/p>\n<img class=\"alignnone wp-image-1045 size-medium\" src=\"https:\/\/padelestrelladamm.es\/blog\/wp-content\/uploads\/2022\/05\/JUGUETONAS-02-pq-300x200.jpg\" alt=\"\" width=\"300\" height=\"200\" \/>\nJuguetonas es una comunidad de jugadoras de p\u00e1del naci\u00f3 con el objetivo de promover la competici\u00f3n femenina adapt\u00e1ndola a las inquietudes de sus integrantes.\n<div class=\"wp-block-button\" style=\"text-align: center;\"><a class=\"wp-block-button__link\" href=\"https:\/\/padelestrelladamm.es\/blog\/candidata-a-estrellas-en-el-padel-2022-juguetonas\/\" target=\"_blank\" rel=\"noopener\">SABER M\u00c1S<\/a><\/div>\t\t\t\t\t                <\/div>\r\n            <\/div>\r\n\t\t        \r\n        <div class=\"totalpoll-question-choices-item-label\">\r\n            <span >V\u00f3tame 6<\/span>\r\n            <div class=\"totalpoll-question-choices-item-votes\">\r\n                <div class=\"totalpoll-question-choices-item-votes-bar\" style=\"width: 43.68%\"><\/div>\r\n                <div class=\"totalpoll-question-choices-item-votes-text \">43.68%<\/div>\r\n            <\/div>\r\n        <\/div>\r\n    <\/div>\r\n<\/div>\r\n\t\t\t\t\t\t\t\t\t\t\t\t\t\t\t\t<div class=\"totalpoll-question-choices-item totalpoll-question-choices-item-results totalpoll-question-choices-item-type-html\" >\r\n    <div class=\"totalpoll-question-choices-item-container\">\r\n        \r\n\t\t            <div class=\"totalpoll-question-choices-item-content-container\">\r\n                <div class=\"totalpoll-question-choices-item-content\">\r\n\t\t\t\t\t\t\t\t\t\t\t<p style=\"text-align: center;\"><strong>#PADELERAS CRISTINA<\/strong><\/p><p><img class=\"alignnone wp-image-1087 size-medium\" src=\"https:\/\/padelestrelladamm.es\/blog\/wp-content\/uploads\/2022\/05\/padeleras-300x200.jpg\" alt=\"\" width=\"300\" height=\"200\" \/><br \/>Cristina Pablos es la propulsora de una red local de jugadoras de p\u00e1del que organizan partidos con horarios que facilitan la conciliaci\u00f3n familiar.<\/p><div class=\"wp-block-button\" style=\"text-align: center;\"><a class=\"wp-block-button__link\" href=\"https:\/\/padelestrelladamm.es\/blog\/candidata-a-estrellas-en-el-padel-2022-cristina-pablos\/\" target=\"_blank\" rel=\"noopener\">SABER M\u00c1S<\/a><\/div>\t\t\t\t\t                <\/div>\r\n            <\/div>\r\n\t\t        \r\n        <div class=\"totalpoll-question-choices-item-label\">\r\n            <span >V\u00f3tame 7<\/span>\r\n            <div class=\"totalpoll-question-choices-item-votes\">\r\n                <div class=\"totalpoll-question-choices-item-votes-bar\" style=\"width: 6.55%\"><\/div>\r\n                <div class=\"totalpoll-question-choices-item-votes-text \">6.55%<\/div>\r\n            <\/div>\r\n        <\/div>\r\n    <\/div>\r\n<\/div>\r\n\t\t\t\t\t\t\t        <\/div>\r\n    <\/div>\r\n<\/div>\r\n    <\/div>\r\n\t<div class=\"totalpoll-form-hidden-fields\">\r\n\t<div class=\"totalpoll-form-page\"><div class=\"totalpoll-form-field-hidden\"><div class=\"totalpoll-form-field totalpoll-form-field-type-hidden totalpoll-column-full\"><div class=\"totalpoll-form-field-wrapper\"><input type=\"hidden\" name=\"totalpoll[screen]\" value=\"results\" class=\"totalpoll-form-field-input\"><div class=\"totalpoll-form-field-errors\"><\/div><\/div><\/div><\/div><div class=\"totalpoll-form-field-hidden\"><div class=\"totalpoll-form-field totalpoll-form-field-type-hidden totalpoll-column-full\"><div class=\"totalpoll-form-field-wrapper\"><input type=\"hidden\" name=\"totalpoll[pollId]\" value=\"957\" class=\"totalpoll-form-field-input\"><div class=\"totalpoll-form-field-errors\"><\/div><\/div><\/div><\/div><div class=\"totalpoll-form-field-hidden\"><div class=\"totalpoll-form-field totalpoll-form-field-type-hidden totalpoll-column-full\"><div class=\"totalpoll-form-field-wrapper\"><input type=\"hidden\" name=\"totalpoll[action]\" value=\"\" class=\"totalpoll-form-field-input\"><div class=\"totalpoll-form-field-errors\"><\/div><\/div><\/div><\/div><\/div><\/div>\r\n<div class=\"totalpoll-buttons\">\r\n\t<\/div>\r\n<\/form><\/div><\/div>\n\n\n\n<p><\/p>\n","protected":false},"excerpt":{"rendered":"<p>Reconocimiento del Circuito de P\u00e1del Estrella Damm a iniciativas que, a trav\u00e9s del p\u00e1del, hacen un mundo mejor. Iniciativas que brillan como ESTRELLAS. En 2022, abordamos la igualdad de g\u00e9nero, poniendo en valor iniciativas que promuevan la presencia de la mujer en el mundo del p\u00e1del. VOTA TU INICIATIVA FAVORITA Se\u00f1ala la iniciativa y presiona [&hellip;]<\/p>\n","protected":false},"author":5,"featured_media":988,"parent":0,"menu_order":0,"comment_status":"closed","ping_status":"closed","template":"","meta":[],"yoast_head":"<!-- This site is optimized with the Yoast SEO plugin v19.4 - https:\/\/yoast.com\/wordpress\/plugins\/seo\/ -->\n<title>Estrellas en el P\u00e1del - Iniciativas que hacen un mundo mejor<\/title>\n<meta name=\"description\" content=\"Estrellas en el p\u00e1del son los reconocimientos del Circuito de P\u00e1del Estrella Damm a iniciativas deportivas que crean un mundo mejor.\" \/>\n<meta name=\"robots\" content=\"index, follow, max-snippet:-1, max-image-preview:large, max-video-preview:-1\" \/>\n<link rel=\"canonical\" href=\"https:\/\/padelestrelladamm.es\/blog\/estrellas-en-el-padel\/\" \/>\n<meta property=\"og:locale\" content=\"es_ES\" \/>\n<meta property=\"og:type\" content=\"article\" \/>\n<meta property=\"og:title\" content=\"Estrellas en el P\u00e1del - Iniciativas que hacen un mundo mejor\" \/>\n<meta property=\"og:description\" content=\"Estrellas en el p\u00e1del son los reconocimientos del Circuito de P\u00e1del Estrella Damm a iniciativas deportivas que crean un mundo mejor.\" \/>\n<meta property=\"og:url\" content=\"https:\/\/padelestrelladamm.es\/blog\/estrellas-en-el-padel\/\" \/>\n<meta property=\"og:site_name\" content=\"Blog de p\u00e1del - An\u00e1lisis, noticias y opini\u00f3n - Estrella Damm\" \/>\n<meta property=\"article:publisher\" content=\"https:\/\/www.facebook.com\/CircuitoDePadelEstrellaDamm\" \/>\n<meta property=\"article:modified_time\" content=\"2022-05-19T09:42:48+00:00\" \/>\n<meta property=\"og:image\" content=\"https:\/\/padelestrelladamm.es\/blog\/wp-content\/uploads\/2022\/04\/cabecera-web-Foto-Igualdad.jpg\" \/>\n\t<meta property=\"og:image:width\" content=\"980\" \/>\n\t<meta property=\"og:image:height\" content=\"326\" \/>\n\t<meta property=\"og:image:type\" content=\"image\/jpeg\" \/>\n<meta name=\"twitter:card\" content=\"summary_large_image\" \/>\n<meta name=\"twitter:label1\" content=\"Tiempo de lectura\" \/>\n\t<meta name=\"twitter:data1\" content=\"1 minuto\" \/>\n<script type=\"application\/ld+json\" class=\"yoast-schema-graph\">{\"@context\":\"https:\/\/schema.org\",\"@graph\":[{\"@type\":\"Organization\",\"@id\":\"https:\/\/padelestrelladamm.es\/blog\/#organization\",\"name\":\"Circuito de P\u00e1del Estrelladamm\",\"url\":\"https:\/\/padelestrelladamm.es\/blog\/\",\"sameAs\":[\"https:\/\/www.instagram.com\/circuitopadelestrelladamm\",\"https:\/\/www.youtube.com\/user\/padelestrelladamm\",\"https:\/\/www.facebook.com\/CircuitoDePadelEstrellaDamm\"],\"logo\":{\"@type\":\"ImageObject\",\"inLanguage\":\"es\",\"@id\":\"https:\/\/padelestrelladamm.es\/blog\/#\/schema\/logo\/image\/\",\"url\":\"https:\/\/padelestrelladamm.es\/blog\/wp-content\/uploads\/2021\/06\/BLOG-128.jpg\",\"contentUrl\":\"https:\/\/padelestrelladamm.es\/blog\/wp-content\/uploads\/2021\/06\/BLOG-128.jpg\",\"width\":128,\"height\":26,\"caption\":\"Circuito de P\u00e1del Estrelladamm\"},\"image\":{\"@id\":\"https:\/\/padelestrelladamm.es\/blog\/#\/schema\/logo\/image\/\"}},{\"@type\":\"WebSite\",\"@id\":\"https:\/\/padelestrelladamm.es\/blog\/#website\",\"url\":\"https:\/\/padelestrelladamm.es\/blog\/\",\"name\":\"Blog de p\u00e1del - An\u00e1lisis, noticias y opini\u00f3n - Estrella Damm\",\"description\":\"Blog de p\u00e1del. Inf\u00f3rmate sobre la actualidad relacionada con el mundo del p\u00e1del. An\u00e1lisis y noticias, lo mejor en P\u00e1del Estrella Damm\",\"publisher\":{\"@id\":\"https:\/\/padelestrelladamm.es\/blog\/#organization\"},\"potentialAction\":[{\"@type\":\"SearchAction\",\"target\":{\"@type\":\"EntryPoint\",\"urlTemplate\":\"https:\/\/padelestrelladamm.es\/blog\/?s={search_term_string}\"},\"query-input\":\"required name=search_term_string\"}],\"inLanguage\":\"es\"},{\"@type\":\"WebPage\",\"@id\":\"https:\/\/padelestrelladamm.es\/blog\/estrellas-en-el-padel\/\",\"url\":\"https:\/\/padelestrelladamm.es\/blog\/estrellas-en-el-padel\/\",\"name\":\"Estrellas en el P\u00e1del - Iniciativas que hacen un mundo mejor\",\"isPartOf\":{\"@id\":\"https:\/\/padelestrelladamm.es\/blog\/#website\"},\"datePublished\":\"2022-04-28T18:39:08+00:00\",\"dateModified\":\"2022-05-19T09:42:48+00:00\",\"description\":\"Estrellas en el p\u00e1del son los reconocimientos del Circuito de P\u00e1del Estrella Damm a iniciativas deportivas que crean un mundo mejor.\",\"breadcrumb\":{\"@id\":\"https:\/\/padelestrelladamm.es\/blog\/estrellas-en-el-padel\/#breadcrumb\"},\"inLanguage\":\"es\",\"potentialAction\":[{\"@type\":\"ReadAction\",\"target\":[\"https:\/\/padelestrelladamm.es\/blog\/estrellas-en-el-padel\/\"]}]},{\"@type\":\"BreadcrumbList\",\"@id\":\"https:\/\/padelestrelladamm.es\/blog\/estrellas-en-el-padel\/#breadcrumb\",\"itemListElement\":[{\"@type\":\"ListItem\",\"position\":1,\"name\":\"Inicio\",\"item\":\"https:\/\/padelestrelladamm.es\/blog\/\"},{\"@type\":\"ListItem\",\"position\":2,\"name\":\"Estrellas en el P\u00e1del\"}]}]}<\/script>\n<!-- \/ Yoast SEO plugin. -->","yoast_head_json":{"title":"Estrellas en el P\u00e1del - Iniciativas que hacen un mundo mejor","description":"Estrellas en el p\u00e1del son los reconocimientos del Circuito de P\u00e1del Estrella Damm a iniciativas deportivas que crean un mundo mejor.","robots":{"index":"index","follow":"follow","max-snippet":"max-snippet:-1","max-image-preview":"max-image-preview:large","max-video-preview":"max-video-preview:-1"},"canonical":"https:\/\/padelestrelladamm.es\/blog\/estrellas-en-el-padel\/","og_locale":"es_ES","og_type":"article","og_title":"Estrellas en el P\u00e1del - Iniciativas que hacen un mundo mejor","og_description":"Estrellas en el p\u00e1del son los reconocimientos del Circuito de P\u00e1del Estrella Damm a iniciativas deportivas que crean un mundo mejor.","og_url":"https:\/\/padelestrelladamm.es\/blog\/estrellas-en-el-padel\/","og_site_name":"Blog de p\u00e1del - An\u00e1lisis, noticias y opini\u00f3n - Estrella Damm","article_publisher":"https:\/\/www.facebook.com\/CircuitoDePadelEstrellaDamm","article_modified_time":"2022-05-19T09:42:48+00:00","og_image":[{"width":980,"height":326,"url":"https:\/\/padelestrelladamm.es\/blog\/wp-content\/uploads\/2022\/04\/cabecera-web-Foto-Igualdad.jpg","type":"image\/jpeg"}],"twitter_card":"summary_large_image","twitter_misc":{"Tiempo de lectura":"1 minuto"},"schema":{"@context":"https:\/\/schema.org","@graph":[{"@type":"Organization","@id":"https:\/\/padelestrelladamm.es\/blog\/#organization","name":"Circuito de P\u00e1del Estrelladamm","url":"https:\/\/padelestrelladamm.es\/blog\/","sameAs":["https:\/\/www.instagram.com\/circuitopadelestrelladamm","https:\/\/www.youtube.com\/user\/padelestrelladamm","https:\/\/www.facebook.com\/CircuitoDePadelEstrellaDamm"],"logo":{"@type":"ImageObject","inLanguage":"es","@id":"https:\/\/padelestrelladamm.es\/blog\/#\/schema\/logo\/image\/","url":"https:\/\/padelestrelladamm.es\/blog\/wp-content\/uploads\/2021\/06\/BLOG-128.jpg","contentUrl":"https:\/\/padelestrelladamm.es\/blog\/wp-content\/uploads\/2021\/06\/BLOG-128.jpg","width":128,"height":26,"caption":"Circuito de P\u00e1del Estrelladamm"},"image":{"@id":"https:\/\/padelestrelladamm.es\/blog\/#\/schema\/logo\/image\/"}},{"@type":"WebSite","@id":"https:\/\/padelestrelladamm.es\/blog\/#website","url":"https:\/\/padelestrelladamm.es\/blog\/","name":"Blog de p\u00e1del - An\u00e1lisis, noticias y opini\u00f3n - Estrella Damm","description":"Blog de p\u00e1del. Inf\u00f3rmate sobre la actualidad relacionada con el mundo del p\u00e1del. An\u00e1lisis y noticias, lo mejor en P\u00e1del Estrella Damm","publisher":{"@id":"https:\/\/padelestrelladamm.es\/blog\/#organization"},"potentialAction":[{"@type":"SearchAction","target":{"@type":"EntryPoint","urlTemplate":"https:\/\/padelestrelladamm.es\/blog\/?s={search_term_string}"},"query-input":"required name=search_term_string"}],"inLanguage":"es"},{"@type":"WebPage","@id":"https:\/\/padelestrelladamm.es\/blog\/estrellas-en-el-padel\/","url":"https:\/\/padelestrelladamm.es\/blog\/estrellas-en-el-padel\/","name":"Estrellas en el P\u00e1del - Iniciativas que hacen un mundo mejor","isPartOf":{"@id":"https:\/\/padelestrelladamm.es\/blog\/#website"},"datePublished":"2022-04-28T18:39:08+00:00","dateModified":"2022-05-19T09:42:48+00:00","description":"Estrellas en el p\u00e1del son los reconocimientos del Circuito de P\u00e1del Estrella Damm a iniciativas deportivas que crean un mundo mejor.","breadcrumb":{"@id":"https:\/\/padelestrelladamm.es\/blog\/estrellas-en-el-padel\/#breadcrumb"},"inLanguage":"es","potentialAction":[{"@type":"ReadAction","target":["https:\/\/padelestrelladamm.es\/blog\/estrellas-en-el-padel\/"]}]},{"@type":"BreadcrumbList","@id":"https:\/\/padelestrelladamm.es\/blog\/estrellas-en-el-padel\/#breadcrumb","itemListElement":[{"@type":"ListItem","position":1,"name":"Inicio","item":"https:\/\/padelestrelladamm.es\/blog\/"},{"@type":"ListItem","position":2,"name":"Estrellas en el P\u00e1del"}]}]}},"_links":{"self":[{"href":"https:\/\/padelestrelladamm.es\/blog\/wp-json\/wp\/v2\/pages\/944"}],"collection":[{"href":"https:\/\/padelestrelladamm.es\/blog\/wp-json\/wp\/v2\/pages"}],"about":[{"href":"https:\/\/padelestrelladamm.es\/blog\/wp-json\/wp\/v2\/types\/page"}],"author":[{"embeddable":true,"href":"https:\/\/padelestrelladamm.es\/blog\/wp-json\/wp\/v2\/users\/5"}],"replies":[{"embeddable":true,"href":"https:\/\/padelestrelladamm.es\/blog\/wp-json\/wp\/v2\/comments?post=944"}],"version-history":[{"count":10,"href":"https:\/\/padelestrelladamm.es\/blog\/wp-json\/wp\/v2\/pages\/944\/revisions"}],"predecessor-version":[{"id":1060,"href":"https:\/\/padelestrelladamm.es\/blog\/wp-json\/wp\/v2\/pages\/944\/revisions\/1060"}],"wp:featuredmedia":[{"embeddable":true,"href":"https:\/\/padelestrelladamm.es\/blog\/wp-json\/wp\/v2\/media\/988"}],"wp:attachment":[{"href":"https:\/\/padelestrelladamm.es\/blog\/wp-json\/wp\/v2\/media?parent=944"}],"curies":[{"name":"wp","href":"https:\/\/api.w.org\/{rel}","templated":true}]}}